{"id":104,"date":"2018-03-04T12:50:56","date_gmt":"2018-03-04T11:50:56","guid":{"rendered":"http:\/\/kungfu.keido.sk\/cms\/?page_id=104"},"modified":"2018-03-04T12:50:56","modified_gmt":"2018-03-04T11:50:56","slug":"3-kyu","status":"publish","type":"page","link":"https:\/\/kungfu.keido.sk\/cms\/index.php\/3-kyu\/","title":{"rendered":"3. kyu"},"content":{"rendered":"<p style=\"text-align: center;\"><strong>Sk\u00fa\u0161obn\u00fd poriadok 3. kyu<\/strong><\/p>\n","protected":false},"excerpt":{"rendered":"<p>Sk\u00fa\u0161obn\u00fd poriadok 3. kyu<\/p>\n","protected":false},"author":1,"featured_media":0,"parent":0,"menu_order":0,"comment_status":"closed","ping_status":"closed","template":"","meta":{"footnotes":""},"class_list":["post-104","page","type-page","status-publish","hentry"],"_links":{"self":[{"href":"https:\/\/kungfu.keido.sk\/cms\/index.php\/wp-json\/wp\/v2\/pages\/104","targetHints":{"allow":["GET"]}}],"collection":[{"href":"https:\/\/kungfu.keido.sk\/cms\/index.php\/wp-json\/wp\/v2\/pages"}],"about":[{"href":"https:\/\/kungfu.keido.sk\/cms\/index.php\/wp-json\/wp\/v2\/types\/page"}],"author":[{"embeddable":true,"href":"https:\/\/kungfu.keido.sk\/cms\/index.php\/wp-json\/wp\/v2\/users\/1"}],"replies":[{"embeddable":true,"href":"https:\/\/kungfu.keido.sk\/cms\/index.php\/wp-json\/wp\/v2\/comments?post=104"}],"version-history":[{"count":1,"href":"https:\/\/kungfu.keido.sk\/cms\/index.php\/wp-json\/wp\/v2\/pages\/104\/revisions"}],"predecessor-version":[{"id":105,"href":"https:\/\/kungfu.keido.sk\/cms\/index.php\/wp-json\/wp\/v2\/pages\/104\/revisions\/105"}],"wp:attachment":[{"href":"https:\/\/kungfu.keido.sk\/cms\/index.php\/wp-json\/wp\/v2\/media?parent=104"}],"curies":[{"name":"wp","href":"https:\/\/api.w.org\/{rel}","templated":true}]}}