{"id":108,"date":"2018-03-04T12:51:21","date_gmt":"2018-03-04T11:51:21","guid":{"rendered":"http:\/\/kungfu.keido.sk\/cms\/?page_id=108"},"modified":"2018-03-04T12:51:21","modified_gmt":"2018-03-04T11:51:21","slug":"1-kyu","status":"publish","type":"page","link":"https:\/\/kungfu.keido.sk\/cms\/index.php\/1-kyu\/","title":{"rendered":"1. kyu"},"content":{"rendered":"<p style=\"text-align: center;\"><strong>Sk\u00fa\u0161obn\u00fd poriadok 1. kyu<\/strong><\/p>\n","protected":false},"excerpt":{"rendered":"<p>Sk\u00fa\u0161obn\u00fd poriadok 1. kyu<\/p>\n","protected":false},"author":1,"featured_media":0,"parent":0,"menu_order":0,"comment_status":"closed","ping_status":"closed","template":"","meta":{"footnotes":""},"class_list":["post-108","page","type-page","status-publish","hentry"],"_links":{"self":[{"href":"https:\/\/kungfu.keido.sk\/cms\/index.php\/wp-json\/wp\/v2\/pages\/108","targetHints":{"allow":["GET"]}}],"collection":[{"href":"https:\/\/kungfu.keido.sk\/cms\/index.php\/wp-json\/wp\/v2\/pages"}],"about":[{"href":"https:\/\/kungfu.keido.sk\/cms\/index.php\/wp-json\/wp\/v2\/types\/page"}],"author":[{"embeddable":true,"href":"https:\/\/kungfu.keido.sk\/cms\/index.php\/wp-json\/wp\/v2\/users\/1"}],"replies":[{"embeddable":true,"href":"https:\/\/kungfu.keido.sk\/cms\/index.php\/wp-json\/wp\/v2\/comments?post=108"}],"version-history":[{"count":1,"href":"https:\/\/kungfu.keido.sk\/cms\/index.php\/wp-json\/wp\/v2\/pages\/108\/revisions"}],"predecessor-version":[{"id":109,"href":"https:\/\/kungfu.keido.sk\/cms\/index.php\/wp-json\/wp\/v2\/pages\/108\/revisions\/109"}],"wp:attachment":[{"href":"https:\/\/kungfu.keido.sk\/cms\/index.php\/wp-json\/wp\/v2\/media?parent=108"}],"curies":[{"name":"wp","href":"https:\/\/api.w.org\/{rel}","templated":true}]}}