{"id":176,"date":"2018-03-04T15:08:37","date_gmt":"2018-03-04T14:08:37","guid":{"rendered":"http:\/\/kungfu.keido.sk\/cms\/?page_id=176"},"modified":"2025-09-22T15:23:34","modified_gmt":"2025-09-22T13:23:34","slug":"chcem-zacat-cvicit","status":"publish","type":"page","link":"https:\/\/kungfu.keido.sk\/cms\/index.php\/chcem-zacat-cvicit\/","title":{"rendered":"Chcem za\u010da\u0165 cvi\u010di\u0165"},"content":{"rendered":"\n<figure class=\"wp-block-image size-large\"><img loading=\"lazy\" decoding=\"async\" width=\"724\" height=\"1024\" src=\"https:\/\/kungfu.keido.sk\/wp-content\/uploads\/2025\/09\/NSKF-NABOR-2025-novy-QR-724x1024.png\" alt=\"\" class=\"wp-image-2094\" srcset=\"https:\/\/kungfu.keido.sk\/wp-content\/uploads\/2025\/09\/NSKF-NABOR-2025-novy-QR-724x1024.png 724w, https:\/\/kungfu.keido.sk\/wp-content\/uploads\/2025\/09\/NSKF-NABOR-2025-novy-QR-212x300.png 212w, https:\/\/kungfu.keido.sk\/wp-content\/uploads\/2025\/09\/NSKF-NABOR-2025-novy-QR-768x1086.png 768w, https:\/\/kungfu.keido.sk\/wp-content\/uploads\/2025\/09\/NSKF-NABOR-2025-novy-QR-1086x1536.png 1086w, https:\/\/kungfu.keido.sk\/wp-content\/uploads\/2025\/09\/NSKF-NABOR-2025-novy-QR-1448x2048.png 1448w, https:\/\/kungfu.keido.sk\/wp-content\/uploads\/2025\/09\/NSKF-NABOR-2025-novy-QR.png 1810w\" sizes=\"auto, (max-width: 724px) 100vw, 724px\" \/><\/figure>\n\n\n<p><span style=\"color: #ff0000;\"><strong>Kam m\u00e1m pr\u00eds\u0165?<\/strong><\/span><\/p>\n<p><span style=\"color: #000000;\">Cvi\u010d\u00edme v priestoroch <a href=\"http:\/\/kungfu.keido.sk\/cms\/index.php\/2018\/03\/04\/kde-a-ako-nas-najdete\/\">CV\u010c Orgov\u00e1nov\u00e1 5<\/a> v Ko\u0161iciach. M\u00f4\u017eete pr\u00eds\u0165 osobne<a href=\"http:\/\/kungfu.keido.sk\/cms\/index.php\/ukazka-strany\/\"> v \u010dase tr\u00e9ningov<\/a>, alebo sa vopred ohl\u00e1si\u0165 tr\u00e9nerovi <a href=\"http:\/\/kungfu.keido.sk\/cms\/index.php\/2018\/03\/04\/trener-pavol-trcka\/\">Pavlovi Trckovi.<\/a><\/span><\/p>\n<p><span style=\"color: #ff0000;\"><strong>\u010co si m\u00e1m so sebou prinies\u0165?<\/strong><\/span><\/p>\n<p><span style=\"color: #000000;\">Na za\u010diatok sta\u010d\u00ed pr\u00eds\u0165 v \u0161portovom oble\u010den\u00ed <em>(\u0161portov\u00e9 nohavice\/\u0161ortky\/tepl\u00e1ky a tri\u010dko<\/em>). Bojov\u00e9 umenie Nord Shaolin Kung Fu cvi\u010d\u00edme v tzv. kimone (<em>spr\u00e1vne sa to naz\u00fdva Gi, alebo Karate Gi:<\/em>). Ur\u010dite si nezabudnite so sebou zobra\u0165 vodu na ob\u010derstvenie.<\/span><\/p>\n<p><span style=\"color: #ff0000;\"><strong>Potrebujem ma\u0165 predch\u00e1dzaj\u00face sk\u00fasenosti s bojov\u00fdm umen\u00edm?<\/strong><\/span><\/p>\n<p><span style=\"color: #000000;\">Nord Shaolin Kung Fu je vhodn\u00e9 aj pre \u00fapln\u00fdch za\u010diato\u010dn\u00edkov, rovnako pre mu\u017eov aj \u017eeny bez rozdielu veku.<\/span><\/p>\n<p><span style=\"color: #ff0000;\"><strong>\u010co sa na tr\u00e9ningoch nau\u010d\u00edm?<\/strong><\/span><\/p>\n<p><span style=\"color: #000000;\"><span style=\"color: #000000;\">S\u00fa zameran\u00e9 na kompletn\u00fa v\u00fdu\u010dbu tohto bojov\u00e9ho syst\u00e9mu (<\/span><em><span style=\"color: #000000;\">zalo\u017eil ho <a href=\"http:\/\/www.yamaue.com\" target=\"_blank\" rel=\"noopener\">Soke Yamaue<\/a>,<\/span><span style=\"color: #000000;\">\u00a0\u017eij\u00faca legenda vo svete bojov\u00fdch umen\u00ed, medzin\u00e1rodne uzn\u00e1van\u00fd a oce\u0148ovan\u00fd<\/span><\/em><span style=\"color: #000000;\">). Na tr\u00e9ningoch sa nau\u010d\u00edte prvky sebaobrany, za\u010d\u00edna sa od za\u010diatku &#8211; z\u00e1kladn\u00e9 postoje, pohyb v bojovom postoji, p\u00e1dy. Nesk\u00f4r sa prid\u00e1vaj\u00fa z\u00e1kladn\u00e9 \u00fadery, kopy a techniky, na z\u00e1klade ktor\u00fdch cvi\u010denec n\u00e1sledne buduje \u010fal\u0161ie, n\u00e1ro\u010dnej\u0161ie prvky sebaobrany vo\u010di jedn\u00e9mu, n\u00e1sledne viacer\u00fdm \u00fato\u010dn\u00edkom.<\/span><\/span><\/p>\n<p><span style=\"color: #ff0000;\"><em>&#8211; &#8211; Pri vstupe do tr\u00e9ningovej miestnosti prich\u00e1dzame do tzv. Dojo, kde zachov\u00e1vame tradi\u010dn\u00fa etiku a etiketu bojov\u00fdch umen\u00ed. <a href=\"http:\/\/kungfu.keido.sk\/cms\/index.php\/2018\/03\/04\/etika-a-etiketa-v-dojo\/\">Kliknite sem pre viacej inform\u00e1cii\u00a0<\/a>&#8211; &#8211;<\/em><\/span><\/p>","protected":false},"excerpt":{"rendered":"<p>Kam m\u00e1m pr\u00eds\u0165? Cvi\u010d\u00edme v priestoroch CV\u010c Orgov\u00e1nov\u00e1 5 v Ko\u0161iciach. M\u00f4\u017eete pr\u00eds\u0165 osobne v \u010dase tr\u00e9ningov, alebo sa vopred ohl\u00e1si\u0165 tr\u00e9nerovi Pavlovi Trckovi. \u010co si m\u00e1m so sebou prinies\u0165? Na za\u010diatok sta\u010d\u00ed pr\u00eds\u0165 v \u0161portovom oble\u010den\u00ed (\u0161portov\u00e9 nohavice\/\u0161ortky\/tepl\u00e1ky a tri\u010dko). Bojov\u00e9 umenie Nord Shaolin Kung Fu cvi\u010d\u00edme v tzv. kimone (spr\u00e1vne sa to naz\u00fdva <a href=\"https:\/\/kungfu.keido.sk\/cms\/index.php\/chcem-zacat-cvicit\/\" rel=\"nofollow\"><span class=\"sr-only\">Pre\u010d\u00edta\u0165 viac o Chcem za\u010da\u0165 cvi\u010di\u0165<\/span>[&hellip;]<\/a><\/p>\n","protected":false},"author":1,"featured_media":0,"parent":0,"menu_order":0,"comment_status":"closed","ping_status":"closed","template":"","meta":{"footnotes":""},"class_list":["post-176","page","type-page","status-publish","hentry"],"_links":{"self":[{"href":"https:\/\/kungfu.keido.sk\/cms\/index.php\/wp-json\/wp\/v2\/pages\/176","targetHints":{"allow":["GET"]}}],"collection":[{"href":"https:\/\/kungfu.keido.sk\/cms\/index.php\/wp-json\/wp\/v2\/pages"}],"about":[{"href":"https:\/\/kungfu.keido.sk\/cms\/index.php\/wp-json\/wp\/v2\/types\/page"}],"author":[{"embeddable":true,"href":"https:\/\/kungfu.keido.sk\/cms\/index.php\/wp-json\/wp\/v2\/users\/1"}],"replies":[{"embeddable":true,"href":"https:\/\/kungfu.keido.sk\/cms\/index.php\/wp-json\/wp\/v2\/comments?post=176"}],"version-history":[{"count":26,"href":"https:\/\/kungfu.keido.sk\/cms\/index.php\/wp-json\/wp\/v2\/pages\/176\/revisions"}],"predecessor-version":[{"id":2096,"href":"https:\/\/kungfu.keido.sk\/cms\/index.php\/wp-json\/wp\/v2\/pages\/176\/revisions\/2096"}],"wp:attachment":[{"href":"https:\/\/kungfu.keido.sk\/cms\/index.php\/wp-json\/wp\/v2\/media?parent=176"}],"curies":[{"name":"wp","href":"https:\/\/api.w.org\/{rel}","templated":true}]}}