{"id":178,"date":"2018-03-04T15:08:48","date_gmt":"2018-03-04T14:08:48","guid":{"rendered":"http:\/\/kungfu.keido.sk\/cms\/?page_id=178"},"modified":"2023-08-30T15:50:36","modified_gmt":"2023-08-30T13:50:36","slug":"chcem-viac-informacii","status":"publish","type":"page","link":"https:\/\/kungfu.keido.sk\/cms\/index.php\/chcem-viac-informacii\/","title":{"rendered":"Aktuality"},"content":{"rendered":"<h3><span style=\"color: #000000;\">Najbli\u017e\u0161ie semin\u00e1re oddielu:<\/span><\/h3>\n<h2>Semin\u00e1r karate a kung fu na Plejsoch 15.-17.9.2023<\/h2>\n<h2>Doplnen\u00e9 fotky so s\u00fastredka v Ko\u0161iciach 4-2023<\/h2>\n<h2>Doplnen\u00e9 fotky so s\u00fastredka v D\u00e1nsku 4-2022.<a href=\"https:\/\/karate.keido.sk\/cms\/index.php\/2022\/05\/28\/soke-yamaue-dansko-4-2022\/\">tu<\/a><\/h2>\n<p><strong>Novinky:<\/strong><\/p>\n<p>7.2.2021 Doplnen\u00e1 <a href=\"http:\/\/kungfu.keido.sk\/cms\/index.php\/galeria\/\">Gal\u00e9ria<\/a><\/p>\n<p>4.5.2019 Doplnen\u00e1 <a href=\"http:\/\/kungfu.keido.sk\/cms\/index.php\/historia-kung-fu\/\">hist\u00f3ria kung fu<\/a><\/p>\n","protected":false},"excerpt":{"rendered":"<p>Najbli\u017e\u0161ie semin\u00e1re oddielu: Semin\u00e1r karate a kung fu na Plejsoch 15.-17.9.2023 Doplnen\u00e9 fotky so s\u00fastredka v Ko\u0161iciach 4-2023 Doplnen\u00e9 fotky so s\u00fastredka v D\u00e1nsku 4-2022.tu Novinky: 7.2.2021 Doplnen\u00e1 Gal\u00e9ria 4.5.2019 Doplnen\u00e1 hist\u00f3ria kung fu<\/p>\n","protected":false},"author":1,"featured_media":0,"parent":0,"menu_order":0,"comment_status":"closed","ping_status":"closed","template":"","meta":{"footnotes":""},"class_list":["post-178","page","type-page","status-publish","hentry"],"_links":{"self":[{"href":"https:\/\/kungfu.keido.sk\/cms\/index.php\/wp-json\/wp\/v2\/pages\/178","targetHints":{"allow":["GET"]}}],"collection":[{"href":"https:\/\/kungfu.keido.sk\/cms\/index.php\/wp-json\/wp\/v2\/pages"}],"about":[{"href":"https:\/\/kungfu.keido.sk\/cms\/index.php\/wp-json\/wp\/v2\/types\/page"}],"author":[{"embeddable":true,"href":"https:\/\/kungfu.keido.sk\/cms\/index.php\/wp-json\/wp\/v2\/users\/1"}],"replies":[{"embeddable":true,"href":"https:\/\/kungfu.keido.sk\/cms\/index.php\/wp-json\/wp\/v2\/comments?post=178"}],"version-history":[{"count":44,"href":"https:\/\/kungfu.keido.sk\/cms\/index.php\/wp-json\/wp\/v2\/pages\/178\/revisions"}],"predecessor-version":[{"id":2063,"href":"https:\/\/kungfu.keido.sk\/cms\/index.php\/wp-json\/wp\/v2\/pages\/178\/revisions\/2063"}],"wp:attachment":[{"href":"https:\/\/kungfu.keido.sk\/cms\/index.php\/wp-json\/wp\/v2\/media?parent=178"}],"curies":[{"name":"wp","href":"https:\/\/api.w.org\/{rel}","templated":true}]}}