{"id":1860,"date":"2021-12-23T20:53:44","date_gmt":"2021-12-23T19:53:44","guid":{"rendered":"https:\/\/kungfu.keido.sk\/cms\/?page_id=1860"},"modified":"2022-07-04T20:38:11","modified_gmt":"2022-07-04T18:38:11","slug":"majstri","status":"publish","type":"page","link":"https:\/\/kungfu.keido.sk\/cms\/index.php\/majstri\/","title":{"rendered":"Majstri Nord Shaolin Kung-Fu"},"content":{"rendered":"\n<p><strong>Hlavn\u00fd tr\u00e9ner:<\/strong> Mgr. Pavol Trcka 4. Dan<\/p>\n\n\n\n<figure class=\"wp-block-image size-large is-resized\"><img decoding=\"async\" src=\"http:\/\/kungfu.keido.sk\/wp-content\/uploads\/2022\/07\/PavolTrcka4danNSKF-1024x702.jpg\" alt=\"\" class=\"wp-image-2041\" width=\"700\" srcset=\"https:\/\/kungfu.keido.sk\/wp-content\/uploads\/2022\/07\/PavolTrcka4danNSKF-1024x702.jpg 1024w, https:\/\/kungfu.keido.sk\/wp-content\/uploads\/2022\/07\/PavolTrcka4danNSKF-300x206.jpg 300w, https:\/\/kungfu.keido.sk\/wp-content\/uploads\/2022\/07\/PavolTrcka4danNSKF-768x527.jpg 768w, https:\/\/kungfu.keido.sk\/wp-content\/uploads\/2022\/07\/PavolTrcka4danNSKF-1536x1053.jpg 1536w, https:\/\/kungfu.keido.sk\/wp-content\/uploads\/2022\/07\/PavolTrcka4danNSKF.jpg 1829w\" sizes=\"(max-width: 1024px) 100vw, 1024px\" \/><\/figure>\n\n\n\n<p>Patrik Struk 2. Dan<\/p>\n\n\n\n<p>Ing. Radovan Kul\u00edn 1. Dan<\/p>\n","protected":false},"excerpt":{"rendered":"<p>Hlavn\u00fd tr\u00e9ner: Mgr. Pavol Trcka 4. Dan Patrik Struk 2. Dan Ing. Radovan Kul\u00edn 1. Dan<\/p>\n","protected":false},"author":1,"featured_media":0,"parent":0,"menu_order":0,"comment_status":"closed","ping_status":"closed","template":"","meta":{"footnotes":""},"class_list":["post-1860","page","type-page","status-publish","hentry"],"_links":{"self":[{"href":"https:\/\/kungfu.keido.sk\/cms\/index.php\/wp-json\/wp\/v2\/pages\/1860","targetHints":{"allow":["GET"]}}],"collection":[{"href":"https:\/\/kungfu.keido.sk\/cms\/index.php\/wp-json\/wp\/v2\/pages"}],"about":[{"href":"https:\/\/kungfu.keido.sk\/cms\/index.php\/wp-json\/wp\/v2\/types\/page"}],"author":[{"embeddable":true,"href":"https:\/\/kungfu.keido.sk\/cms\/index.php\/wp-json\/wp\/v2\/users\/1"}],"replies":[{"embeddable":true,"href":"https:\/\/kungfu.keido.sk\/cms\/index.php\/wp-json\/wp\/v2\/comments?post=1860"}],"version-history":[{"count":6,"href":"https:\/\/kungfu.keido.sk\/cms\/index.php\/wp-json\/wp\/v2\/pages\/1860\/revisions"}],"predecessor-version":[{"id":2042,"href":"https:\/\/kungfu.keido.sk\/cms\/index.php\/wp-json\/wp\/v2\/pages\/1860\/revisions\/2042"}],"wp:attachment":[{"href":"https:\/\/kungfu.keido.sk\/cms\/index.php\/wp-json\/wp\/v2\/media?parent=1860"}],"curies":[{"name":"wp","href":"https:\/\/api.w.org\/{rel}","templated":true}]}}