{"id":2,"date":"2018-02-16T12:24:09","date_gmt":"2018-02-16T11:24:10","guid":{"rendered":"http:\/\/kungfu.keido.sk\/cms\/?page_id=2"},"modified":"2024-08-26T11:11:38","modified_gmt":"2024-08-26T09:11:38","slug":"ukazka-strany","status":"publish","type":"page","link":"https:\/\/kungfu.keido.sk\/cms\/index.php\/ukazka-strany\/","title":{"rendered":"Tr\u00e9ningy"},"content":{"rendered":"\n<div class=\"wp-block-columns is-layout-flex wp-container-core-columns-is-layout-9d6595d7 wp-block-columns-is-layout-flex\">\n<div class=\"wp-block-column is-layout-flow wp-block-column-is-layout-flow\" style=\"flex-basis:100%\">\n<div class=\"wp-block-group\"><div class=\"wp-block-group__inner-container is-layout-flow wp-block-group-is-layout-flow\">\n<h2><img loading=\"lazy\" decoding=\"async\" class=\"alignnone wp-image-215\" src=\"http:\/\/kungfu.keido.sk\/cms\/wp-content\/uploads\/2018\/03\/t_treningy-300x77.jpg\" alt=\"\" width=\"1170\" height=\"300\" srcset=\"https:\/\/kungfu.keido.sk\/wp-content\/uploads\/2018\/03\/t_treningy-300x77.jpg 300w, https:\/\/kungfu.keido.sk\/wp-content\/uploads\/2018\/03\/t_treningy-768x197.jpg 768w, https:\/\/kungfu.keido.sk\/wp-content\/uploads\/2018\/03\/t_treningy.jpg 975w\" sizes=\"auto, (max-width: 1170px) 100vw, 1170px\" \/><\/h2>\n<p>\u00a0<\/p>\n<h2><strong style=\"font-size: 16px;\">Miesto: CV\u010c Orgov\u00e1nov\u00e1 5, Ko\u0161ice<\/strong><\/h2>\n<p>\u00a0 \u00a0 \u00a0 \u00a0 \u00a0 \u00a0SP\u0160 Strojn\u00edcka Komensk\u00e9ho 2 ,Ko\u0161ice<\/p>\n<table border=\"1\" cellspacing=\"0\" cellpadding=\"3\" align=\"left\">\n<tbody>\n<tr>\n<td colspan=\"3\"><strong>Pondelok<\/strong><\/td>\n<\/tr>\n<tr>\n<td>17.30-18.30.<\/td>\n<td>Nord Shaolin Kung Fu &#8211; n\u00e1bor<\/td>\n<td>CV\u010c Orgov\u00e1nov\u00e1 5<\/td>\n<\/tr>\n<tr>\n<td>16.30.-18.00<\/td>\n<td>Nord Shaolin Kung Fu &#8211; mierne pokro\u010dil\u00ed<\/td>\n<td>SP\u0160 Strojn\u00edcka<\/td>\n<\/tr>\n<tr>\n<td>18.30.-20.00<\/td>\n<td>Nord Shaolin Kung Fu &#8211; pokro\u010dil\u00ed<\/td>\n<td>CV\u010c Orgov\u00e1nov\u00e1 5<\/td>\n<\/tr>\n<tr>\n<td colspan=\"3\"><strong>\u0160tvrtok<\/strong><\/td>\n<\/tr>\n<tr>\n<td>17.30-18.30.\u00a0<\/td>\n<td>Nord Shaolin Kung Fu &#8211; n\u00e1bor<\/td>\n<td>CV\u010c Orgov\u00e1nov\u00e1 5<\/td>\n<\/tr>\n<tr>\n<td>16.30.-18.00\u00a0<\/td>\n<td>Nord Shaolin Kung Fu &#8211; mierne pokro\u010dil\u00ed<\/td>\n<td>SP\u0160 Strojn\u00edcka<\/td>\n<\/tr>\n<tr>\n<td>18.30.-20.00<\/td>\n<td>Nord Shaolin Kung Fu &#8211; pokro\u010dil\u00ed<\/td>\n<td>CV\u010c Orgov\u00e1nov\u00e1 5<\/td>\n<\/tr>\n<\/tbody>\n<\/table>\n\n\n\n<p><\/p>\n<\/div><\/div>\n<\/div>\n<\/div>\n","protected":false},"excerpt":{"rendered":"<p>\u00a0 Miesto: CV\u010c Orgov\u00e1nov\u00e1 5, Ko\u0161ice \u00a0 \u00a0 \u00a0 \u00a0 \u00a0 \u00a0SP\u0160 Strojn\u00edcka Komensk\u00e9ho 2 ,Ko\u0161ice Pondelok 17.30-18.30. Nord Shaolin Kung Fu &#8211; n\u00e1bor CV\u010c Orgov\u00e1nov\u00e1 5 16.30.-18.00 Nord Shaolin Kung Fu &#8211; mierne pokro\u010dil\u00ed SP\u0160 Strojn\u00edcka 18.30.-20.00 Nord Shaolin Kung Fu &#8211; pokro\u010dil\u00ed CV\u010c Orgov\u00e1nov\u00e1 5 \u0160tvrtok 17.30-18.30.\u00a0 Nord Shaolin Kung Fu &#8211; n\u00e1bor <a href=\"https:\/\/kungfu.keido.sk\/cms\/index.php\/ukazka-strany\/\" rel=\"nofollow\"><span class=\"sr-only\">Pre\u010d\u00edta\u0165 viac o Tr\u00e9ningy<\/span>[&hellip;]<\/a><\/p>\n","protected":false},"author":1,"featured_media":0,"parent":0,"menu_order":0,"comment_status":"closed","ping_status":"open","template":"","meta":{"footnotes":""},"class_list":["post-2","page","type-page","status-publish","hentry"],"_links":{"self":[{"href":"https:\/\/kungfu.keido.sk\/cms\/index.php\/wp-json\/wp\/v2\/pages\/2","targetHints":{"allow":["GET"]}}],"collection":[{"href":"https:\/\/kungfu.keido.sk\/cms\/index.php\/wp-json\/wp\/v2\/pages"}],"about":[{"href":"https:\/\/kungfu.keido.sk\/cms\/index.php\/wp-json\/wp\/v2\/types\/page"}],"author":[{"embeddable":true,"href":"https:\/\/kungfu.keido.sk\/cms\/index.php\/wp-json\/wp\/v2\/users\/1"}],"replies":[{"embeddable":true,"href":"https:\/\/kungfu.keido.sk\/cms\/index.php\/wp-json\/wp\/v2\/comments?post=2"}],"version-history":[{"count":34,"href":"https:\/\/kungfu.keido.sk\/cms\/index.php\/wp-json\/wp\/v2\/pages\/2\/revisions"}],"predecessor-version":[{"id":2074,"href":"https:\/\/kungfu.keido.sk\/cms\/index.php\/wp-json\/wp\/v2\/pages\/2\/revisions\/2074"}],"wp:attachment":[{"href":"https:\/\/kungfu.keido.sk\/cms\/index.php\/wp-json\/wp\/v2\/media?parent=2"}],"curies":[{"name":"wp","href":"https:\/\/api.w.org\/{rel}","templated":true}]}}