{"id":32,"date":"2018-02-16T14:21:48","date_gmt":"2018-02-16T13:21:48","guid":{"rendered":"http:\/\/kungfu.keido.sk\/cms\/?page_id=32"},"modified":"2026-04-16T22:17:35","modified_gmt":"2026-04-16T20:17:35","slug":"galeria","status":"publish","type":"page","link":"https:\/\/kungfu.keido.sk\/cms\/index.php\/galeria\/","title":{"rendered":"Gal\u00e9ria"},"content":{"rendered":"<h3><span style=\"color: #ff0000;\"><span style=\"text-decoration: underline;\"><a style=\"color: #ff0000; text-decoration: underline;\" href=\"https:\/\/karate.keido.sk\/galeria\" target=\"_blank\" rel=\"noopener\">Nov\u00fa fotogal\u00e9riu oddielu n\u00e1jdete tu<\/a><\/span><br \/><br \/><\/span><\/h3>\n<h3><span style=\"color: #ff0000;\"><a style=\"color: #ff0000;\" href=\"http:\/\/www.keido.sk\/gallery\/galeria.htm\" target=\"_blank\" rel=\"noopener\">Star\u0161iu fotogal\u00e9riu oddielu n\u00e1jdete tu<\/a><br \/><br \/><\/span><\/h3>\n<h3><a href=\"http:\/\/kungfu.keido.sk\/cms\/index.php\/multimedia\/\"><span style=\"color: #ff0000;\">Video uk\u00e1\u017eky n\u00e1jdete tu<\/span><\/a><\/h3>\n\n\n<p><\/p>\n","protected":false},"excerpt":{"rendered":"<p>Nov\u00fa fotogal\u00e9riu oddielu n\u00e1jdete tu Star\u0161iu fotogal\u00e9riu oddielu n\u00e1jdete tu Video uk\u00e1\u017eky n\u00e1jdete tu<\/p>\n","protected":false},"author":1,"featured_media":0,"parent":0,"menu_order":0,"comment_status":"closed","ping_status":"closed","template":"","meta":{"footnotes":""},"class_list":["post-32","page","type-page","status-publish","hentry"],"_links":{"self":[{"href":"https:\/\/kungfu.keido.sk\/cms\/index.php\/wp-json\/wp\/v2\/pages\/32","targetHints":{"allow":["GET"]}}],"collection":[{"href":"https:\/\/kungfu.keido.sk\/cms\/index.php\/wp-json\/wp\/v2\/pages"}],"about":[{"href":"https:\/\/kungfu.keido.sk\/cms\/index.php\/wp-json\/wp\/v2\/types\/page"}],"author":[{"embeddable":true,"href":"https:\/\/kungfu.keido.sk\/cms\/index.php\/wp-json\/wp\/v2\/users\/1"}],"replies":[{"embeddable":true,"href":"https:\/\/kungfu.keido.sk\/cms\/index.php\/wp-json\/wp\/v2\/comments?post=32"}],"version-history":[{"count":12,"href":"https:\/\/kungfu.keido.sk\/cms\/index.php\/wp-json\/wp\/v2\/pages\/32\/revisions"}],"predecessor-version":[{"id":2104,"href":"https:\/\/kungfu.keido.sk\/cms\/index.php\/wp-json\/wp\/v2\/pages\/32\/revisions\/2104"}],"wp:attachment":[{"href":"https:\/\/kungfu.keido.sk\/cms\/index.php\/wp-json\/wp\/v2\/media?parent=32"}],"curies":[{"name":"wp","href":"https:\/\/api.w.org\/{rel}","templated":true}]}}