{"id":329,"date":"2018-03-21T23:36:38","date_gmt":"2018-03-21T22:36:38","guid":{"rendered":"http:\/\/kungfu.keido.sk\/cms\/?page_id=329"},"modified":"2022-10-26T13:55:43","modified_gmt":"2022-10-26T11:55:43","slug":"multimedia","status":"publish","type":"page","link":"https:\/\/kungfu.keido.sk\/cms\/index.php\/multimedia\/","title":{"rendered":"Multim\u00e9di\u00e1"},"content":{"rendered":"<h2><a href=\"https:\/\/www.rtvs.sk\/televizia\/archiv\/14356\/360955#1227\"><span style=\"color: #ff00ff;\">Boli sme v STV 2\u00a0 od 20,26 min<\/span><\/a><\/h2>\n<h3><a href=\"http:\/\/kungfu.keido.sk\/cms\/index.php\/galeria\/\">Fotogal\u00e9riu oddielu si m\u00f4\u017eete pozrie\u0165 tu<\/a><\/h3>\n<h3><span style=\"color: #ff0000;\">Soke Jimmy Keido Yamaue<\/span><\/h3>\n<p><iframe loading=\"lazy\" title=\"Soke Yamaue in Sweden 2006\" width=\"640\" height=\"480\" src=\"https:\/\/www.youtube.com\/embed\/EgtQm-FLQRc?feature=oembed\" frameborder=\"0\" allow=\"accelerometer; autoplay; clipboard-write; encrypted-media; gyroscope; picture-in-picture; web-share\" referrerpolicy=\"strict-origin-when-cross-origin\" allowfullscreen><\/iframe><\/p>\n<p><iframe loading=\"lazy\" title=\"soke yamaue\" width=\"640\" height=\"360\" src=\"https:\/\/www.youtube.com\/embed\/ewkwNgagH4k?start=605&#038;feature=oembed\" frameborder=\"0\" allow=\"accelerometer; autoplay; clipboard-write; encrypted-media; gyroscope; picture-in-picture; web-share\" referrerpolicy=\"strict-origin-when-cross-origin\" allowfullscreen><\/iframe><\/p>\n<p><iframe loading=\"lazy\" title=\"Soke Yamaue - Qi energy vs 3 opponents\" width=\"640\" height=\"360\" src=\"https:\/\/www.youtube.com\/embed\/wwbDN5Qdf9s?feature=oembed\" frameborder=\"0\" allow=\"accelerometer; autoplay; clipboard-write; encrypted-media; gyroscope; picture-in-picture; web-share\" referrerpolicy=\"strict-origin-when-cross-origin\" allowfullscreen><\/iframe><\/p>\n<h3><span style=\"color: #ff0000;\">Nord Shaolin Kung Fu Keido Ko\u0161ice<\/span><\/h3>\n<p><iframe loading=\"lazy\" title=\"Nord shaolin kung fu -Keido Ko\u0161ice\" width=\"640\" height=\"480\" src=\"https:\/\/www.youtube.com\/embed\/WdO3RaQzxcE?feature=oembed\" frameborder=\"0\" allow=\"accelerometer; autoplay; clipboard-write; encrypted-media; gyroscope; picture-in-picture; web-share\" referrerpolicy=\"strict-origin-when-cross-origin\" allowfullscreen><\/iframe><\/p>\n<p><iframe loading=\"lazy\" title=\"Nord shaolin kung fu 2-Keido Ko\u0161ice\" width=\"640\" height=\"480\" src=\"https:\/\/www.youtube.com\/embed\/bXHNXyhKzGc?start=89&#038;feature=oembed\" frameborder=\"0\" allow=\"accelerometer; autoplay; clipboard-write; encrypted-media; gyroscope; picture-in-picture; web-share\" referrerpolicy=\"strict-origin-when-cross-origin\" allowfullscreen><\/iframe><\/p>\n<p><iframe loading=\"lazy\" title=\"Keido Kenshinkan Dobr\u00fd Festival 2014, Karate, Nord Shaolin Kung Fu\" width=\"640\" height=\"360\" src=\"https:\/\/www.youtube.com\/embed\/VbBMLVftA8E?start=7&#038;feature=oembed\" frameborder=\"0\" allow=\"accelerometer; autoplay; clipboard-write; encrypted-media; gyroscope; picture-in-picture; web-share\" referrerpolicy=\"strict-origin-when-cross-origin\" allowfullscreen><\/iframe><\/p>\n<p><iframe loading=\"lazy\" title=\"EMBU 2.KYU Du\u0161ana a Foxi.MPG\" width=\"640\" height=\"480\" src=\"https:\/\/www.youtube.com\/embed\/TNckD0vZ6nQ?feature=oembed\" frameborder=\"0\" allow=\"accelerometer; autoplay; clipboard-write; encrypted-media; gyroscope; picture-in-picture; web-share\" referrerpolicy=\"strict-origin-when-cross-origin\" allowfullscreen><\/iframe><\/p>\n<p><iframe loading=\"lazy\" title=\"Dobr\u00fd festival 2010 Keido v\u00e1s poz\u00fdva\" width=\"640\" height=\"480\" src=\"https:\/\/www.youtube.com\/embed\/LWKB7xbi8ME?feature=oembed\" frameborder=\"0\" allow=\"accelerometer; autoplay; clipboard-write; encrypted-media; gyroscope; picture-in-picture; web-share\" referrerpolicy=\"strict-origin-when-cross-origin\" allowfullscreen><\/iframe><\/p>\n<p><iframe loading=\"lazy\" title=\"n\u00f4\u017e tonfa\" width=\"640\" height=\"480\" src=\"https:\/\/www.youtube.com\/embed\/FkqGctquboE?feature=oembed\" frameborder=\"0\" allow=\"accelerometer; autoplay; clipboard-write; encrypted-media; gyroscope; picture-in-picture; web-share\" referrerpolicy=\"strict-origin-when-cross-origin\" allowfullscreen><\/iframe><\/p>\n<h3><span style=\"color: #ff0000;\">\u00a0Malm\u00f6 Budo Club Nord Shaolin Kung Fu (\u0160v\u00e9dsko) :<\/span><\/h3>\n<p>https:\/\/www.youtube.com\/watch?v=juVdN-lUhYI&#038;list=PLA831EE6A4184CE0D<\/p>\n<h3><span style=\"color: #005500;\">\u00a0<\/span><\/h3>\n","protected":false},"excerpt":{"rendered":"<p>Boli sme v STV 2\u00a0 od 20,26 min Fotogal\u00e9riu oddielu si m\u00f4\u017eete pozrie\u0165 tu Soke Jimmy Keido Yamaue Nord Shaolin Kung Fu Keido Ko\u0161ice \u00a0Malm\u00f6 Budo Club Nord Shaolin Kung Fu (\u0160v\u00e9dsko) : https:\/\/www.youtube.com\/watch?v=juVdN-lUhYI&#038;list=PLA831EE6A4184CE0D \u00a0<\/p>\n","protected":false},"author":1,"featured_media":0,"parent":0,"menu_order":0,"comment_status":"closed","ping_status":"closed","template":"","meta":{"footnotes":""},"class_list":["post-329","page","type-page","status-publish","hentry"],"_links":{"self":[{"href":"https:\/\/kungfu.keido.sk\/cms\/index.php\/wp-json\/wp\/v2\/pages\/329","targetHints":{"allow":["GET"]}}],"collection":[{"href":"https:\/\/kungfu.keido.sk\/cms\/index.php\/wp-json\/wp\/v2\/pages"}],"about":[{"href":"https:\/\/kungfu.keido.sk\/cms\/index.php\/wp-json\/wp\/v2\/types\/page"}],"author":[{"embeddable":true,"href":"https:\/\/kungfu.keido.sk\/cms\/index.php\/wp-json\/wp\/v2\/users\/1"}],"replies":[{"embeddable":true,"href":"https:\/\/kungfu.keido.sk\/cms\/index.php\/wp-json\/wp\/v2\/comments?post=329"}],"version-history":[{"count":15,"href":"https:\/\/kungfu.keido.sk\/cms\/index.php\/wp-json\/wp\/v2\/pages\/329\/revisions"}],"predecessor-version":[{"id":2050,"href":"https:\/\/kungfu.keido.sk\/cms\/index.php\/wp-json\/wp\/v2\/pages\/329\/revisions\/2050"}],"wp:attachment":[{"href":"https:\/\/kungfu.keido.sk\/cms\/index.php\/wp-json\/wp\/v2\/media?parent=329"}],"curies":[{"name":"wp","href":"https:\/\/api.w.org\/{rel}","templated":true}]}}