{"id":61,"date":"2018-02-22T08:38:47","date_gmt":"2018-02-22T07:38:47","guid":{"rendered":"http:\/\/kungfu.keido.sk\/cms\/?page_id=61"},"modified":"2024-08-26T11:15:32","modified_gmt":"2024-08-26T09:15:32","slug":"soke-yamaue","status":"publish","type":"page","link":"https:\/\/kungfu.keido.sk\/cms\/index.php\/soke-yamaue\/","title":{"rendered":"N\u00e1\u0161 u\u010dite\u013e Soke Yamaue"},"content":{"rendered":"<div class=\"article-title\">\n<h1><img loading=\"lazy\" decoding=\"async\" class=\"alignnone wp-image-227\" src=\"http:\/\/kungfu.keido.sk\/cms\/wp-content\/uploads\/2018\/03\/t_soke-300x77.jpg\" alt=\"\" width=\"1170\" height=\"300\" srcset=\"https:\/\/kungfu.keido.sk\/wp-content\/uploads\/2018\/03\/t_soke-300x77.jpg 300w, https:\/\/kungfu.keido.sk\/wp-content\/uploads\/2018\/03\/t_soke-768x197.jpg 768w, https:\/\/kungfu.keido.sk\/wp-content\/uploads\/2018\/03\/t_soke.jpg 975w\" sizes=\"auto, (max-width: 1170px) 100vw, 1170px\" \/><\/h1>\n<h1>Soke Jimmy Keido Yamaue<\/h1>\n<\/div>\n<div class=\"article-body\">\n<p><a style=\"line-height: 1.5;\" href=\"http:\/\/www.yamaue.com\" target=\"_blank\" rel=\"noopener\">Soke Jimmy Keido Yamaue<\/a><span style=\"line-height: 1.5;\"> sa narodil v Japonsku v roku 1946 a absolvoval Univerzitu Ritsumeikan v Ky\u00f3te. Je \u0165a\u017ek\u00e9 poveda\u0165 kedy za\u010dal s Aiki Jutsu, preto\u017ee sa narodil v Budo rodine. Jeho otec ho u\u010dil Judo a chiropraktick\u00e9 techniky, jeden z jeho str\u00fdkov Sensei Takeizu INOUE ho u\u010dil Goju Ryu Karate a str\u00fdko jeho otca ho u\u010dil Aiki Jutsu a Aikido.Str\u00fdko jeho otca &#8211; Takuma Hisa (1895-1979), bol ve\u013ek\u00fdm majstrom v Daito Ryu Aiki Jutsu. Aiki Jutsu tvorilo \u010das\u0165 jeho Budo vzdelania, ktor\u00e9 z\u00edskal v detstve.Yamaue Aiki Jutsu je pr\u00edbuzn\u00e9 ku Takeda Aiki Bujutsu = Daito Ryu Aiki Jutsu.Soke takisto cvi\u010dil Shorinji Kempo (japonsk\u00fd \u0161t\u00fdl Shaolin Kung Fu) a ve\u013ea foriem \u010d\u00ednskeho Kung Fu.Vo svete je ve\u013emi dobre zn\u00e1my ako zakladate\u013e (10.Dan) Nord Shaolin Kung Fu (nov\u00fd syst\u00e9m zalo\u017een\u00fd na trad\u00edcii severn\u00e9ho shaolinu)\u00a0a zakladate\u013e (10.Dan) Yamaue Ryu Aiki Jutsu.<\/span><\/p>\n<\/div>\n<p>Soke Yamaue ka\u017edoro\u010dne dost\u00e1va viacero Budo ocenen\u00ed, ocenenia z Medzin\u00e1rodnej Siene Sl\u00e1vy a uznania z cel\u00e9ho sveta.<\/p>\n<p>Soke Yamaue\u00a0 je hlavn\u00fdm predstavite\u013eom IBU (International Bujutsu University) a hlavou Kenshinkan Karate organiz\u00e1cie. V Goju-ryu Karate m\u00e1 Soke 8.Dan .<\/p>\n<p><img loading=\"lazy\" decoding=\"async\" class=\"size-medium wp-image-1127 aligncenter\" src=\"http:\/\/kungfu.keido.sk\/wp-content\/uploads\/2018\/05\/Soke-in-D-temple2-260x300.jpg\" alt=\"\" width=\"260\" height=\"300\" srcset=\"https:\/\/kungfu.keido.sk\/wp-content\/uploads\/2018\/05\/Soke-in-D-temple2-260x300.jpg 260w, https:\/\/kungfu.keido.sk\/wp-content\/uploads\/2018\/05\/Soke-in-D-temple2-768x887.jpg 768w, https:\/\/kungfu.keido.sk\/wp-content\/uploads\/2018\/05\/Soke-in-D-temple2.jpg 848w\" sizes=\"auto, (max-width: 260px) 100vw, 260px\" \/>Soke Yamaue je budhistick\u00fdm mn\u00edchom cis\u00e1rskych pal\u00e1cov Daishoji a Saga (Daishoji Imperial Temple, Saga Imperial Palace) a pracuje ako kult\u00farny ata\u0161\u00e9 pre obidva cis\u00e1rske chr\u00e1my.<\/p>\n<p>Soke vyu\u010duje Nord Shaolin Kung Fu, Yamaue Ryu Aiki Jutsu, Goju Ryu Kenshinkan karate,Ju Jutsu, Kobudo a mnoho \u010fal\u0161\u00edch bojov\u00fdch umen\u00ed po celom svete.<\/p>\n<p>Erb Sokeho rodiny<\/p>\n<p><img loading=\"lazy\" decoding=\"async\" class=\"alignnone size-full wp-image-1128\" style=\"line-height: 1.5;\" src=\"http:\/\/kungfu.keido.sk\/wp-content\/uploads\/2018\/05\/tachibana2.jpg\" alt=\"\" width=\"100\" height=\"100\" \/><\/p>\n<p>tzv. Tachibana &#8211; zobrazuje rozkvitaj\u00faci kvet divok\u00e9ho pomaran\u010dovn\u00edka.<\/p>\n","protected":false},"excerpt":{"rendered":"<p>Soke Jimmy Keido Yamaue Soke Jimmy Keido Yamaue sa narodil v Japonsku v roku 1946 a absolvoval Univerzitu Ritsumeikan v Ky\u00f3te. Je \u0165a\u017ek\u00e9 poveda\u0165 kedy za\u010dal s Aiki Jutsu, preto\u017ee sa narodil v Budo rodine. Jeho otec ho u\u010dil Judo a chiropraktick\u00e9 techniky, jeden z jeho str\u00fdkov Sensei Takeizu INOUE ho u\u010dil Goju Ryu Karate <a href=\"https:\/\/kungfu.keido.sk\/cms\/index.php\/soke-yamaue\/\" rel=\"nofollow\"><span class=\"sr-only\">Pre\u010d\u00edta\u0165 viac o N\u00e1\u0161 u\u010dite\u013e Soke Yamaue<\/span>[&hellip;]<\/a><\/p>\n","protected":false},"author":1,"featured_media":0,"parent":0,"menu_order":0,"comment_status":"closed","ping_status":"closed","template":"","meta":{"footnotes":""},"class_list":["post-61","page","type-page","status-publish","hentry"],"_links":{"self":[{"href":"https:\/\/kungfu.keido.sk\/cms\/index.php\/wp-json\/wp\/v2\/pages\/61","targetHints":{"allow":["GET"]}}],"collection":[{"href":"https:\/\/kungfu.keido.sk\/cms\/index.php\/wp-json\/wp\/v2\/pages"}],"about":[{"href":"https:\/\/kungfu.keido.sk\/cms\/index.php\/wp-json\/wp\/v2\/types\/page"}],"author":[{"embeddable":true,"href":"https:\/\/kungfu.keido.sk\/cms\/index.php\/wp-json\/wp\/v2\/users\/1"}],"replies":[{"embeddable":true,"href":"https:\/\/kungfu.keido.sk\/cms\/index.php\/wp-json\/wp\/v2\/comments?post=61"}],"version-history":[{"count":9,"href":"https:\/\/kungfu.keido.sk\/cms\/index.php\/wp-json\/wp\/v2\/pages\/61\/revisions"}],"predecessor-version":[{"id":2075,"href":"https:\/\/kungfu.keido.sk\/cms\/index.php\/wp-json\/wp\/v2\/pages\/61\/revisions\/2075"}],"wp:attachment":[{"href":"https:\/\/kungfu.keido.sk\/cms\/index.php\/wp-json\/wp\/v2\/media?parent=61"}],"curies":[{"name":"wp","href":"https:\/\/api.w.org\/{rel}","templated":true}]}}